{"id":2,"date":"2015-10-16T10:37:11","date_gmt":"2015-10-16T10:37:11","guid":{"rendered":"http:\/\/www.advokat-tichy.cz.bodya.glow.cz\/?page_id=2"},"modified":"2016-01-05T10:31:24","modified_gmt":"2016-01-05T10:31:24","slug":"sample-page","status":"publish","type":"page","link":"https:\/\/www.advokat-tichy.cz\/index.php\/sample-page\/","title":{"rendered":"O n\u00e1s"},"content":{"rendered":"<h1><strong>JUDr. Anton\u00edn Tich\u00fd<\/strong><\/h1>\n<ul>\n<li>Od roku 1999 p\u016fsob\u00ed jako samostatn\u00fd advok\u00e1t<\/li>\n<li>Je absolventem Pr\u00e1vnick\u00e9 fakulty Univerzity Karlovy v Praze (1986).<\/li>\n<li>Titul JUDr. z\u00edskal v\u00a0roce 2001 vykon\u00e1n\u00edm st\u00e1tn\u00ed rigor\u00f3zn\u00ed zkou\u0161ky na PF UK Praha z\u00a0p\u0159edm\u011btu trestn\u00ed pr\u00e1vo hmotn\u00e9 a procesn\u00ed a obh\u00e1jen\u00edm rigor\u00f3zn\u00ed pr\u00e1ce na t\u00e9ma \u201eTrestn\u00e1 \u010dinnost v\u00a0silni\u010dn\u00ed doprav\u011b\u201c.<\/li>\n<\/ul>\n<p>Jazyk:\u00a0\u010cesk\u00fd, anglick\u00fd<\/p>\n","protected":false},"excerpt":{"rendered":"<p>JUDr. Anton\u00edn Tich\u00fd Od roku 1999 p\u016fsob\u00ed jako samostatn\u00fd advok\u00e1t Je absolventem Pr\u00e1vnick\u00e9 fakulty Univerzity Karlovy v Praze (1986). Titul JUDr. z\u00edskal v\u00a0roce 2001 vykon\u00e1n\u00edm st\u00e1tn\u00ed rigor\u00f3zn\u00ed zkou\u0161ky na PF UK Praha z\u00a0p\u0159edm\u011btu trestn\u00ed pr\u00e1vo hmotn\u00e9 a procesn\u00ed a obh\u00e1jen\u00edm rigor\u00f3zn\u00ed pr\u00e1ce na t\u00e9ma \u201eTrestn\u00e1 \u010dinnost v\u00a0silni\u010dn\u00ed doprav\u011b\u201c. Jazyk:\u00a0\u010cesk\u00fd, anglick\u00fd<\/p>\n","protected":false},"author":1,"featured_media":0,"parent":0,"menu_order":0,"comment_status":"closed","ping_status":"open","template":"","meta":{"_mi_skip_tracking":false},"_links":{"self":[{"href":"https:\/\/www.advokat-tichy.cz\/index.php\/wp-json\/wp\/v2\/pages\/2"}],"collection":[{"href":"https:\/\/www.advokat-tichy.cz\/index.php\/wp-json\/wp\/v2\/pages"}],"about":[{"href":"https:\/\/www.advokat-tichy.cz\/index.php\/wp-json\/wp\/v2\/types\/page"}],"author":[{"embeddable":true,"href":"https:\/\/www.advokat-tichy.cz\/index.php\/wp-json\/wp\/v2\/users\/1"}],"replies":[{"embeddable":true,"href":"https:\/\/www.advokat-tichy.cz\/index.php\/wp-json\/wp\/v2\/comments?post=2"}],"version-history":[{"count":4,"href":"https:\/\/www.advokat-tichy.cz\/index.php\/wp-json\/wp\/v2\/pages\/2\/revisions"}],"predecessor-version":[{"id":328,"href":"https:\/\/www.advokat-tichy.cz\/index.php\/wp-json\/wp\/v2\/pages\/2\/revisions\/328"}],"wp:attachment":[{"href":"https:\/\/www.advokat-tichy.cz\/index.php\/wp-json\/wp\/v2\/media?parent=2"}],"curies":[{"name":"wp","href":"https:\/\/api.w.org\/{rel}","templated":true}]}}