{"id":214,"date":"2015-12-07T13:54:52","date_gmt":"2015-12-07T13:54:52","guid":{"rendered":"http:\/\/www.advokat-tichy.cz.bodya.glow.cz\/?page_id=214"},"modified":"2016-01-15T10:18:12","modified_gmt":"2016-01-15T10:18:12","slug":"specializace","status":"publish","type":"page","link":"https:\/\/www.advokat-tichy.cz\/index.php\/specializace\/","title":{"rendered":"Specializace"},"content":{"rendered":"<h1>Dopravn\u00ed nehody<\/h1>\n<p>Zvl\u00e1\u0161tn\u00ed specializac\u00ed advok\u00e1tn\u00ed kancel\u00e1\u0159e je poskytov\u00e1n\u00ed pr\u00e1vn\u00ed slu\u017eeb v\u00a0oblasti dopravn\u00edch nehod, s\u00a0nimi\u017e m\u00e1 ji\u017e v\u00edce jak dvacetiletou zku\u0161enost, kdy velice \u00fasp\u011b\u0161n\u011b p\u016fsob\u00ed i v\u00a0medi\u00e1ln\u011b zn\u00e1m\u00fdch kauz\u00e1ch v\u00a0dan\u00e9 oblasti. JUDr. Anton\u00edn Tich\u00fd pat\u0159\u00ed mezi velice zku\u0161en\u00e9 a \u00fasp\u011b\u0161n\u00e9 advok\u00e1ty v t\u00e9to\u00a0problematice, kdy pr\u00e1vn\u00ed pomoc poskytuje jak obvin\u011bn\u00fdm tak po\u0161kozen\u00fdm p\u0159i vym\u00e1h\u00e1n\u00ed n\u00e1hrady \u0161kody zp\u016fsoben\u00e9 p\u0159i dopravn\u00edch nehod\u00e1ch.<\/p>\n<p>Bohat\u00e9 zku\u0161enosti na\u0161\u00ed kancel\u00e1\u0159e v\u00a0t\u00e9to oblasti zaji\u0161\u0165uj\u00ed na\u0161im klient\u016fm maxim\u00e1ln\u00ed mo\u017enou \u00farove\u0148 pr\u00e1vn\u00edch slu\u017eeb a \u00fasp\u011bchu ve v\u011bci jak obvin\u011bn\u00e9ho v\u00a0r\u00e1mci obhajoby v\u00a0trestn\u00ed \u0159\u00edzen\u00ed \u010di zastupov\u00e1n\u00ed ve spr\u00e1vn\u00edm \u0159\u00edzen\u00ed, tak po\u0161kozen\u00e9ho p\u0159i uplat\u0148ov\u00e1n\u00ed n\u00e1hrady \u0161kody. Na\u0161e advok\u00e1tn\u00ed kancel\u00e1\u0159 spolupracuje s\u00a0vybran\u00fdmi soudn\u00edmi znalci z\u00a0oboru dopravy a zdravotnictv\u00ed.<\/p>\n<p>Odm\u011bna je \u00fa\u010dtov\u00e1na dle slo\u017eitosti a pohybuje se zpravidla ve v\u00fd\u0161i 10 a\u017e 20 % z\u00a0\u010d\u00e1stky vymo\u017een\u00e9 na n\u00e1hrad\u011b \u0161kody.<\/p>\n<p>&nbsp;<\/p>\n<h1>Pr\u00e1vo nemovitostn\u00ed<\/h1>\n<p>Dal\u0161\u00ed oblast\u00ed, ve kter\u00e9 kancel\u00e1\u0159 dlouhodob\u011b v\u00fdznamn\u011b p\u016fsob\u00ed, je poskytov\u00e1n\u00ed komplexn\u00edch pr\u00e1vn\u00edch slu\u017eeb v\u00a0oblasti majetkopr\u00e1vn\u00edch vztah\u016f k\u00a0nemovitostem, zejm\u00e9na jejich p\u0159evod\u016f, zastavov\u00e1n\u00ed, z\u0159izov\u00e1n\u00ed v\u011bcn\u00fdch b\u0159emen \u010di n\u00e1jmu, a\u0165 ji\u017e se jedn\u00e1 o\u00a0byty, nebytov\u00e9 prostory, budovy, pozemky \u010di velk\u00e9 soubory nemovitost\u00ed, jako\u017e i poskytov\u00e1n\u00ed advok\u00e1tn\u00edch \u00faschov kupn\u00edch cen za prodej nemovitost\u00ed a ostatn\u00edch z\u00e1ruk a n\u00e1sledn\u011b pak poskytuje pr\u00e1vn\u00ed pomoc i v\u00a0samotn\u00e9m \u0159\u00edzen\u00ed p\u0159ed katastr\u00e1ln\u00edmi \u00fa\u0159ady ve v\u011bcech n\u00e1vrh\u016f na vklad vlastnick\u00fdch \u010di jin\u00fdch pr\u00e1v a povinnost\u00ed podl\u00e9haj\u00edc\u00ed z\u00e1pisu do ve\u0159ejn\u00e9ho seznamu (katastr nemovitost\u00ed).<\/p>\n<p>&nbsp;<\/p>\n<h1>Zastupov\u00e1n\u00ed ve\u0159ejnopr\u00e1vn\u00edch korporac\u00ed<\/h1>\n<p>Na\u0161e kancel\u00e1\u0159 m\u00e1 bohat\u00e9 zku\u0161enosti se zastupov\u00e1n\u00edm m\u011bst, obc\u00ed a dal\u0161\u00edch ve\u0159ejnopr\u00e1vn\u00edch korporac\u00ed. Poskytujeme pr\u00e1vn\u00ed slu\u017eby t\u00fdkaj\u00edc\u00ed se zejm\u00e9na pozemkov\u00e9ho pr\u00e1va, podz\u00e1konn\u00fdch pr\u00e1vn\u00edch p\u0159edpis\u016f (jejich p\u0159\u00edprava, tvorba a kontrola) a smluvn\u00ed agendy. Zastupujeme ve\u0159ejnopr\u00e1vn\u00ed korporace p\u0159i jedn\u00e1n\u00edch, soudn\u00edch a spr\u00e1vn\u00edch \u0159\u00edzen\u00edch.<\/p>\n","protected":false},"excerpt":{"rendered":"<p>Dopravn\u00ed nehody Zvl\u00e1\u0161tn\u00ed specializac\u00ed advok\u00e1tn\u00ed kancel\u00e1\u0159e je poskytov\u00e1n\u00ed pr\u00e1vn\u00ed slu\u017eeb v\u00a0oblasti dopravn\u00edch nehod, s\u00a0nimi\u017e m\u00e1 ji\u017e v\u00edce jak dvacetiletou zku\u0161enost, kdy velice \u00fasp\u011b\u0161n\u011b p\u016fsob\u00ed i v\u00a0medi\u00e1ln\u011b zn\u00e1m\u00fdch kauz\u00e1ch v\u00a0dan\u00e9 oblasti. JUDr. Anton\u00edn Tich\u00fd pat\u0159\u00ed mezi velice zku\u0161en\u00e9 a \u00fasp\u011b\u0161n\u00e9 advok\u00e1ty v t\u00e9to\u00a0problematice, kdy pr\u00e1vn\u00ed pomoc poskytuje jak obvin\u011bn\u00fdm tak po\u0161kozen\u00fdm p\u0159i vym\u00e1h\u00e1n\u00ed n\u00e1hrady \u0161kody zp\u016fsoben\u00e9 [&hellip;]<\/p>\n","protected":false},"author":1,"featured_media":0,"parent":0,"menu_order":0,"comment_status":"closed","ping_status":"closed","template":"","meta":{"_mi_skip_tracking":false},"_links":{"self":[{"href":"https:\/\/www.advokat-tichy.cz\/index.php\/wp-json\/wp\/v2\/pages\/214"}],"collection":[{"href":"https:\/\/www.advokat-tichy.cz\/index.php\/wp-json\/wp\/v2\/pages"}],"about":[{"href":"https:\/\/www.advokat-tichy.cz\/index.php\/wp-json\/wp\/v2\/types\/page"}],"author":[{"embeddable":true,"href":"https:\/\/www.advokat-tichy.cz\/index.php\/wp-json\/wp\/v2\/users\/1"}],"replies":[{"embeddable":true,"href":"https:\/\/www.advokat-tichy.cz\/index.php\/wp-json\/wp\/v2\/comments?post=214"}],"version-history":[{"count":10,"href":"https:\/\/www.advokat-tichy.cz\/index.php\/wp-json\/wp\/v2\/pages\/214\/revisions"}],"predecessor-version":[{"id":356,"href":"https:\/\/www.advokat-tichy.cz\/index.php\/wp-json\/wp\/v2\/pages\/214\/revisions\/356"}],"wp:attachment":[{"href":"https:\/\/www.advokat-tichy.cz\/index.php\/wp-json\/wp\/v2\/media?parent=214"}],"curies":[{"name":"wp","href":"https:\/\/api.w.org\/{rel}","templated":true}]}}