{"id":224,"date":"2015-12-07T14:07:48","date_gmt":"2015-12-07T14:07:48","guid":{"rendered":"http:\/\/www.advokat-tichy.cz.bodya.glow.cz\/?page_id=224"},"modified":"2015-12-07T14:25:34","modified_gmt":"2015-12-07T14:25:34","slug":"odmena","status":"publish","type":"page","link":"https:\/\/www.advokat-tichy.cz\/index.php\/odmena\/","title":{"rendered":"Odm\u011bna"},"content":{"rendered":"<p>Odm\u011bnu advok\u00e1tn\u00ed kancel\u00e1\u0159e za poskytovan\u00e9 pr\u00e1vn\u00ed slu\u017eby lze stanovit n\u011bkolika zp\u016fsoby, p\u0159i\u010dem\u017e z\u00e1le\u017e\u00ed v\u017edy na povaze, \u010dasov\u00e9 n\u00e1ro\u010dnosti a akutnosti dan\u00e9ho p\u0159\u00edpadu a dohod\u011b s\u00a0klientem, zejm\u00e9na pak:<\/p>\n<ul>\n<li><u>na z\u00e1klad\u011b vyhl\u00e1\u0161ky<\/u> \u010d.\u00a0177\/1996\u00a0Sb., o odm\u011bn\u00e1ch advok\u00e1t\u016f a n\u00e1hrad\u00e1ch advok\u00e1t\u016f za poskytov\u00e1n\u00ed pr\u00e1vn\u00edch slu\u017eeb (advok\u00e1tn\u00ed tarif), ke sta\u017een\u00ed <a href=\"http:\/\/www.cak.cz\/assets\/vyhlaska177_1996_2014_07_01_2-2.doc\">zde<\/a><\/li>\n<li><u>dle individu\u00e1ln\u00ed dohody s klientem (smluvn\u00ed odm\u011bna)<\/u> jako odm\u011bna:\n<ul>\n<li>\u010dasov\u00e1, kter\u00e1 je ur\u010dena po\u010dtem hodin, kter\u00e9 advok\u00e1t dan\u00e9mu p\u0159\u00edpadu v\u011bnuje,<\/li>\n<li>fixn\u00ed (pevnou \u010d\u00e1stkou) za vy\u0159\u00edzen\u00ed konkr\u00e9tn\u00ed kauzy,<\/li>\n<li>pau\u0161\u00e1ln\u00ed (pevn\u00e1 \u010d\u00e1stka) sjedn\u00e1van\u00e1 p\u0159i dlouhodob\u011bj\u0161\u00ed a rozs\u00e1hlej\u0161\u00ed spolupr\u00e1ci jako pravideln\u00e1 nem\u011bnn\u00e1 platba bez ohledu na rozsah a \u010dasovou n\u00e1ro\u010dnost pr\u00e1ce.<\/li>\n<\/ul>\n<\/li>\n<\/ul>\n<p>Nen\u00ed-li mezi klientem a advok\u00e1tem sjedn\u00e1na cena smluvn\u00ed, ur\u010duje se odm\u011bna za poskytnut\u00e9 pr\u00e1vn\u00ed slu\u017eby dle vyhl\u00e1\u0161ky Ministerstva spravedlnosti \u010d. 177\/1996 Sb., advok\u00e1tn\u00edho tarifu.<\/p>\n<p><em>P\u0159i p\u0159evzet\u00ed pr\u00e1vn\u00edho zastoupen\u00ed na\u0161e klienty v\u017edy informujeme o p\u0159edpokl\u00e1dan\u00e9m rozsahu pr\u00e1ce advok\u00e1ta a o celkov\u00fdch p\u0159edpokl\u00e1dan\u00fdch n\u00e1kladech a hotov\u00fdch v\u00fddaj\u00edch, kter\u00e9 bude ze strany klienta nutn\u00e9 vynalo\u017eit na vy\u0159e\u0161en\u00ed v\u011bci. <\/em><\/p>\n","protected":false},"excerpt":{"rendered":"<p>Odm\u011bnu advok\u00e1tn\u00ed kancel\u00e1\u0159e za poskytovan\u00e9 pr\u00e1vn\u00ed slu\u017eby lze stanovit n\u011bkolika zp\u016fsoby, p\u0159i\u010dem\u017e z\u00e1le\u017e\u00ed v\u017edy na povaze, \u010dasov\u00e9 n\u00e1ro\u010dnosti a akutnosti dan\u00e9ho p\u0159\u00edpadu a dohod\u011b s\u00a0klientem, zejm\u00e9na pak: na z\u00e1klad\u011b vyhl\u00e1\u0161ky \u010d.\u00a0177\/1996\u00a0Sb., o odm\u011bn\u00e1ch advok\u00e1t\u016f a n\u00e1hrad\u00e1ch advok\u00e1t\u016f za poskytov\u00e1n\u00ed pr\u00e1vn\u00edch slu\u017eeb (advok\u00e1tn\u00ed tarif), ke sta\u017een\u00ed zde dle individu\u00e1ln\u00ed dohody s klientem (smluvn\u00ed odm\u011bna) jako odm\u011bna: [&hellip;]<\/p>\n","protected":false},"author":1,"featured_media":0,"parent":0,"menu_order":0,"comment_status":"closed","ping_status":"closed","template":"","meta":{"_mi_skip_tracking":false},"_links":{"self":[{"href":"https:\/\/www.advokat-tichy.cz\/index.php\/wp-json\/wp\/v2\/pages\/224"}],"collection":[{"href":"https:\/\/www.advokat-tichy.cz\/index.php\/wp-json\/wp\/v2\/pages"}],"about":[{"href":"https:\/\/www.advokat-tichy.cz\/index.php\/wp-json\/wp\/v2\/types\/page"}],"author":[{"embeddable":true,"href":"https:\/\/www.advokat-tichy.cz\/index.php\/wp-json\/wp\/v2\/users\/1"}],"replies":[{"embeddable":true,"href":"https:\/\/www.advokat-tichy.cz\/index.php\/wp-json\/wp\/v2\/comments?post=224"}],"version-history":[{"count":1,"href":"https:\/\/www.advokat-tichy.cz\/index.php\/wp-json\/wp\/v2\/pages\/224\/revisions"}],"predecessor-version":[{"id":226,"href":"https:\/\/www.advokat-tichy.cz\/index.php\/wp-json\/wp\/v2\/pages\/224\/revisions\/226"}],"wp:attachment":[{"href":"https:\/\/www.advokat-tichy.cz\/index.php\/wp-json\/wp\/v2\/media?parent=224"}],"curies":[{"name":"wp","href":"https:\/\/api.w.org\/{rel}","templated":true}]}}