{"id":287,"date":"2016-01-04T17:21:22","date_gmt":"2016-01-04T17:21:22","guid":{"rendered":"http:\/\/www.advokat-tichy.cz.bodya.glow.cz\/?page_id=287"},"modified":"2016-01-04T17:21:22","modified_gmt":"2016-01-04T17:21:22","slug":"trestni-pravo","status":"publish","type":"page","link":"https:\/\/www.advokat-tichy.cz\/index.php\/trestni-pravo\/","title":{"rendered":"Trestn\u00ed pr\u00e1vo"},"content":{"rendered":"<ul>\n<li><u>p\u0159\u00edprava a pod\u00e1n\u00ed trestn\u00edch ozn\u00e1men\u00ed<\/u><\/li>\n<li><u>zastupov\u00e1n\u00ed p\u0159ed soudy a org\u00e1ny \u010dinn\u00fdmi v\u00a0trestn\u00edm \u0159\u00edzen\u00ed<\/u><\/li>\n<li><u>dlouhodob\u00e1 \u00fasp\u011b\u0161n\u00e1 praxe v\u00a0poskytov\u00e1n\u00ed komplexn\u00ed obhajoby klient\u016fm ve v\u0161ech f\u00e1z\u00edch trestn\u00edho \u0159\u00edzen\u00ed<\/u>\n<ul>\n<li>p\u0159\u00edpravn\u00e9 \u0159\u00edzen\u00ed<\/li>\n<li>trestn\u00ed st\u00edh\u00e1n\u00ed<\/li>\n<li>vazebn\u00ed zased\u00e1n\u00ed<\/li>\n<li>vykon\u00e1vac\u00ed \u0159\u00edzen\u00ed \u2013 n\u00e1vrh na podm\u00edn\u011bn\u00e9 propu\u0161t\u011bn\u00ed z\u00a0v\u00fdkonu trestu apod.<\/li>\n<\/ul>\n<\/li>\n<li><u>zastupov\u00e1n\u00ed po\u0161kozen\u00fdch<\/u><\/li>\n<li>v\u00a0trestn\u00edm \u0159\u00edzen\u00ed<\/li>\n<li>v adhezn\u00edm \u0159\u00edzen\u00ed, pop\u0159. v\u00a0civiln\u00edm \u0159\u00edzen\u00ed\n<ul>\n<li>vym\u00e1h\u00e1n\u00ed n\u00e1hrady \u0161kody<\/li>\n<li>vym\u00e1h\u00e1n\u00ed pojistn\u00e9ho pln\u011bn\u00ed<\/li>\n<\/ul>\n<\/li>\n<li><u>zastupov\u00e1n\u00ed osob z\u00fa\u010dastn\u011bn\u00fdch<\/u>\n<ul>\n<li>osoba, j\u00ed\u017e v\u00a0r\u00e1mci trestn\u00edho \u0159\u00edzen\u00ed byla nebo m\u00e1 b\u00fdt zabr\u00e1na v\u011bc<\/li>\n<\/ul>\n<\/li>\n<\/ul>\n","protected":false},"excerpt":{"rendered":"<p>p\u0159\u00edprava a pod\u00e1n\u00ed trestn\u00edch ozn\u00e1men\u00ed zastupov\u00e1n\u00ed p\u0159ed soudy a org\u00e1ny \u010dinn\u00fdmi v\u00a0trestn\u00edm \u0159\u00edzen\u00ed dlouhodob\u00e1 \u00fasp\u011b\u0161n\u00e1 praxe v\u00a0poskytov\u00e1n\u00ed komplexn\u00ed obhajoby klient\u016fm ve v\u0161ech f\u00e1z\u00edch trestn\u00edho \u0159\u00edzen\u00ed p\u0159\u00edpravn\u00e9 \u0159\u00edzen\u00ed trestn\u00ed st\u00edh\u00e1n\u00ed vazebn\u00ed zased\u00e1n\u00ed vykon\u00e1vac\u00ed \u0159\u00edzen\u00ed \u2013 n\u00e1vrh na podm\u00edn\u011bn\u00e9 propu\u0161t\u011bn\u00ed z\u00a0v\u00fdkonu trestu apod. zastupov\u00e1n\u00ed po\u0161kozen\u00fdch v\u00a0trestn\u00edm \u0159\u00edzen\u00ed v adhezn\u00edm \u0159\u00edzen\u00ed, pop\u0159. v\u00a0civiln\u00edm \u0159\u00edzen\u00ed vym\u00e1h\u00e1n\u00ed n\u00e1hrady \u0161kody vym\u00e1h\u00e1n\u00ed [&hellip;]<\/p>\n","protected":false},"author":1,"featured_media":0,"parent":0,"menu_order":0,"comment_status":"closed","ping_status":"closed","template":"","meta":{"_mi_skip_tracking":false},"_links":{"self":[{"href":"https:\/\/www.advokat-tichy.cz\/index.php\/wp-json\/wp\/v2\/pages\/287"}],"collection":[{"href":"https:\/\/www.advokat-tichy.cz\/index.php\/wp-json\/wp\/v2\/pages"}],"about":[{"href":"https:\/\/www.advokat-tichy.cz\/index.php\/wp-json\/wp\/v2\/types\/page"}],"author":[{"embeddable":true,"href":"https:\/\/www.advokat-tichy.cz\/index.php\/wp-json\/wp\/v2\/users\/1"}],"replies":[{"embeddable":true,"href":"https:\/\/www.advokat-tichy.cz\/index.php\/wp-json\/wp\/v2\/comments?post=287"}],"version-history":[{"count":1,"href":"https:\/\/www.advokat-tichy.cz\/index.php\/wp-json\/wp\/v2\/pages\/287\/revisions"}],"predecessor-version":[{"id":289,"href":"https:\/\/www.advokat-tichy.cz\/index.php\/wp-json\/wp\/v2\/pages\/287\/revisions\/289"}],"wp:attachment":[{"href":"https:\/\/www.advokat-tichy.cz\/index.php\/wp-json\/wp\/v2\/media?parent=287"}],"curies":[{"name":"wp","href":"https:\/\/api.w.org\/{rel}","templated":true}]}}