{"id":290,"date":"2016-01-04T17:23:58","date_gmt":"2016-01-04T17:23:58","guid":{"rendered":"http:\/\/www.advokat-tichy.cz.bodya.glow.cz\/?page_id=290"},"modified":"2016-01-04T17:26:57","modified_gmt":"2016-01-04T17:26:57","slug":"obcanske-pravo","status":"publish","type":"page","link":"https:\/\/www.advokat-tichy.cz\/index.php\/obcanske-pravo\/","title":{"rendered":"Ob\u010dansk\u00e9 pr\u00e1vo"},"content":{"rendered":"<p><strong><u>N\u00e1hrada \u0161kody<\/u><\/strong><\/p>\n<ul>\n<ul>\n<li>vym\u00e1h\u00e1n\u00ed n\u00e1hrady \u0161kody<\/li>\n<li>specializace n\u00e1hrada \u0161kody po\u0161kozen\u00fdch (trestn\u00e1 \u010dinnost, dopravn\u00ed nehody, pracovn\u00ed \u00farazy)\n<ul>\n<li>bolestn\u00e9<\/li>\n<li>n\u00e1hrada za sn\u00ed\u017een\u00ed spole\u010densk\u00e9ho uplatn\u011bn\u00ed<\/li>\n<li>u\u0161l\u00fd zisk, u\u0161l\u00e1 mzda<\/li>\n<\/ul>\n<\/li>\n<\/ul>\n<\/ul>\n<p><strong><u>Pr\u00e1vo rodinn\u00e9<\/u><\/strong><\/p>\n<ul>\n<li>spole\u010dn\u00e9ho jm\u011bn\u00ed man\u017eel\u016f<\/li>\n<li>p\u0159edman\u017eelsk\u00e9 smlouvy<\/li>\n<li>zm\u011bna re\u017eimu spole\u010dn\u00e9ho jm\u011bn\u00ed man\u017eel\u016f<\/li>\n<li>vypo\u0159\u00e1d\u00e1n\u00ed spole\u010dn\u00e9ho jm\u011bn\u00ed man\u017eel\u016f<\/li>\n<li>rozvody man\u017eelstv\u00ed<\/li>\n<li>pod\u00e1n\u00ed n\u00e1vrhu na rozvod man\u017eelstv\u00ed<\/li>\n<li>zastupov\u00e1n\u00ed v\u00a0\u0159\u00edzen\u00ed o rozvod man\u017eelstv\u00ed<\/li>\n<li>dohody o vypo\u0159\u00e1d\u00e1n\u00ed vz\u00e1jemn\u00fdch majetkov\u00fdch vztah\u016f<\/li>\n<li>vy\u017eivovac\u00ed povinnost rozveden\u00e9ho man\u017eela<\/li>\n<li>\u00faprava pom\u011br\u016f k nezletil\u00fdm d\u011btem\n<ul>\n<li>dohody o v\u00fdchov\u011b a v\u00fd\u017eiv\u011b nezletil\u00e9ho d\u00edt\u011bte, dohody o styku s\u00a0nezletil\u00fdm d\u00edt\u011btem<\/li>\n<\/ul>\n<\/li>\n<li>v\u00fd\u017eivn\u00e9 neprovdan\u00e9 matky a n\u00e1klady s t\u011bhotenstv\u00edm a porodem<\/li>\n<\/ul>\n<p>&nbsp;<\/p>\n<p><strong><u>Pr\u00e1vo z\u00e1vazkov\u00e9<\/u><\/strong><\/p>\n<ul>\n<ul>\n<li>sepisov\u00e1n\u00ed smluv a dohod podle ob\u010dansk\u00e9ho z\u00e1kon\u00edku<\/li>\n<li>p\u016fj\u010dky \u2013 jejich z\u0159\u00edzen\u00ed, zaji\u0161t\u011bn\u00ed a vym\u00e1h\u00e1n\u00ed<\/li>\n<li>uzn\u00e1n\u00ed dluhu<\/li>\n<\/ul>\n<\/ul>\n<ul>\n<li><strong>Vym\u00e1h\u00e1n\u00ed a spr\u00e1va pohled\u00e1vek<\/strong>\n<ul>\n<li>n\u00e1vrh zp\u016fsobu vym\u00e1h\u00e1n\u00ed pohled\u00e1vek a posouzen\u00ed vymahatelnosti a jejich n\u00e1sledn\u00e9 vym\u00e1h\u00e1n\u00ed soudn\u00ed i mimosoudn\u00ed cestou<\/li>\n<\/ul>\n<\/li>\n<\/ul>\n<h1><\/h1>\n<p>&nbsp;<\/p>\n<h1><strong>Civiln\u00ed pr\u00e1vo procesn\u00ed<\/strong><\/h1>\n<p><strong><u>Ob\u010danskopr\u00e1vn\u00ed spory<\/u><\/strong><\/p>\n<ul>\n<li>zastupov\u00e1n\u00ed klient\u016f p\u0159ed soudy v ob\u010danskopr\u00e1vn\u00edm \u0159\u00edzen\u00ed<\/li>\n<li>pod\u00e1v\u00e1n\u00ed n\u00e1vrh\u016f a \u017ealob, veden\u00ed spor\u016f<\/li>\n<li>\u0159e\u0161en\u00ed ob\u010dansk\u00fdch spor\u016f mimosoudn\u00ed cestou<\/li>\n<li>odpov\u011bdnost za \u0161kodu, n\u00e1hrada \u0161kody<\/li>\n<\/ul>\n<p><strong><u>Obchodn\u00ed spory<\/u><\/strong><\/p>\n<ul>\n<li>zastupov\u00e1n\u00ed klient\u016f p\u0159ed soudy p\u0159i obchodn\u011bpr\u00e1vn\u00edch sporech<\/li>\n<li>pod\u00e1v\u00e1n\u00ed \u017ealob a n\u00e1vrh\u016f<\/li>\n<li>\u0159e\u0161en\u00ed obchodn\u00edch spor\u016f mimosoudn\u00ed cestou<\/li>\n<\/ul>\n","protected":false},"excerpt":{"rendered":"<p>N\u00e1hrada \u0161kody vym\u00e1h\u00e1n\u00ed n\u00e1hrady \u0161kody specializace n\u00e1hrada \u0161kody po\u0161kozen\u00fdch (trestn\u00e1 \u010dinnost, dopravn\u00ed nehody, pracovn\u00ed \u00farazy) bolestn\u00e9 n\u00e1hrada za sn\u00ed\u017een\u00ed spole\u010densk\u00e9ho uplatn\u011bn\u00ed u\u0161l\u00fd zisk, u\u0161l\u00e1 mzda Pr\u00e1vo rodinn\u00e9 spole\u010dn\u00e9ho jm\u011bn\u00ed man\u017eel\u016f p\u0159edman\u017eelsk\u00e9 smlouvy zm\u011bna re\u017eimu spole\u010dn\u00e9ho jm\u011bn\u00ed man\u017eel\u016f vypo\u0159\u00e1d\u00e1n\u00ed spole\u010dn\u00e9ho jm\u011bn\u00ed man\u017eel\u016f rozvody man\u017eelstv\u00ed pod\u00e1n\u00ed n\u00e1vrhu na rozvod man\u017eelstv\u00ed zastupov\u00e1n\u00ed v\u00a0\u0159\u00edzen\u00ed o rozvod man\u017eelstv\u00ed dohody o [&hellip;]<\/p>\n","protected":false},"author":1,"featured_media":0,"parent":0,"menu_order":0,"comment_status":"closed","ping_status":"closed","template":"","meta":{"_mi_skip_tracking":false},"_links":{"self":[{"href":"https:\/\/www.advokat-tichy.cz\/index.php\/wp-json\/wp\/v2\/pages\/290"}],"collection":[{"href":"https:\/\/www.advokat-tichy.cz\/index.php\/wp-json\/wp\/v2\/pages"}],"about":[{"href":"https:\/\/www.advokat-tichy.cz\/index.php\/wp-json\/wp\/v2\/types\/page"}],"author":[{"embeddable":true,"href":"https:\/\/www.advokat-tichy.cz\/index.php\/wp-json\/wp\/v2\/users\/1"}],"replies":[{"embeddable":true,"href":"https:\/\/www.advokat-tichy.cz\/index.php\/wp-json\/wp\/v2\/comments?post=290"}],"version-history":[{"count":6,"href":"https:\/\/www.advokat-tichy.cz\/index.php\/wp-json\/wp\/v2\/pages\/290\/revisions"}],"predecessor-version":[{"id":297,"href":"https:\/\/www.advokat-tichy.cz\/index.php\/wp-json\/wp\/v2\/pages\/290\/revisions\/297"}],"wp:attachment":[{"href":"https:\/\/www.advokat-tichy.cz\/index.php\/wp-json\/wp\/v2\/media?parent=290"}],"curies":[{"name":"wp","href":"https:\/\/api.w.org\/{rel}","templated":true}]}}