{"id":301,"date":"2016-01-04T17:29:53","date_gmt":"2016-01-04T17:29:53","guid":{"rendered":"http:\/\/www.advokat-tichy.cz.bodya.glow.cz\/?page_id=301"},"modified":"2016-01-04T17:29:53","modified_gmt":"2016-01-04T17:29:53","slug":"pravo-nemovitosti","status":"publish","type":"page","link":"https:\/\/www.advokat-tichy.cz\/index.php\/pravo-nemovitosti\/","title":{"rendered":"Pr\u00e1vo nemovitost\u00ed"},"content":{"rendered":"<p><strong><u>p\u0159evod nemovitost\u00ed<\/u><\/strong><\/p>\n<ul>\n<li>p\u0159evod vlastnick\u00e9ho pr\u00e1va<\/li>\n<li>z\u0159\u00edzen\u00ed z\u00e1stavy k nemovitostem<\/li>\n<li>z\u0159\u00edzen\u00ed v\u011bcn\u00e9ho b\u0159emen (slu\u017eebnosti a re\u00e1ln\u00e1 b\u0159emena) a pr\u00e1va stavby<\/li>\n<li>p\u0159\u00edprava a pod\u00e1n\u00ed n\u00e1vrhu na vklad pr\u00e1va do katastru nemovitost\u00ed<\/li>\n<li>zastupov\u00e1n\u00ed v\u00a0\u0159\u00edzen\u00ed veden\u00e9m katastrem nemovitost\u00ed<\/li>\n<li>zastupov\u00e1n\u00ed p\u0159i jedn\u00e1n\u00ed s\u00a0realitn\u00edmi kancel\u00e1\u0159emi<\/li>\n<li><strong><u>kupn\u00ed smlouvy<\/u><\/strong><\/li>\n<li><strong><u>darovac\u00ed smlouvy<\/u><\/strong><strong><u>\u00a0<\/u><\/strong><\/li>\n<li><strong><u>sm\u011bnn\u00e9 smlouvy<\/u><\/strong><\/li>\n<li><strong><u>advok\u00e1tn\u00ed \u00faschova kupn\u00ed ceny v\u00a0r\u00e1mci p\u0159evodu nemovitostn\u00ed<\/u><\/strong><\/li>\n<\/ul>\n<p><strong><u>n\u00e1jemn\u00ed a podn\u00e1jemn\u00ed smlouvy<\/u><\/strong><\/p>\n<ul>\n<li>bytov\u00e9 jednotky, domy, prostory slou\u017e\u00edc\u00ed podnik\u00e1n\u00ed, pozemky<\/li>\n<\/ul>\n<p><strong><u>pr\u00e1vo pozemkov\u00e9<\/u><\/strong><\/p>\n<ul>\n<li>komplexn\u00ed pr\u00e1vn\u00ed poradenstv\u00ed v\u00a0t\u00e9to oblasti<\/li>\n<\/ul>\n<p><strong><u>pr\u00e1vo bytov\u00e9<\/u><\/strong><\/p>\n<ul>\n<li>spole\u010denstv\u00ed vlastn\u00edk\u016f jednotek<\/li>\n<li>bytov\u00e1 dru\u017estva<\/li>\n<\/ul>\n<p>&nbsp;<\/p>\n","protected":false},"excerpt":{"rendered":"<p>p\u0159evod nemovitost\u00ed p\u0159evod vlastnick\u00e9ho pr\u00e1va z\u0159\u00edzen\u00ed z\u00e1stavy k nemovitostem z\u0159\u00edzen\u00ed v\u011bcn\u00e9ho b\u0159emen (slu\u017eebnosti a re\u00e1ln\u00e1 b\u0159emena) a pr\u00e1va stavby p\u0159\u00edprava a pod\u00e1n\u00ed n\u00e1vrhu na vklad pr\u00e1va do katastru nemovitost\u00ed zastupov\u00e1n\u00ed v\u00a0\u0159\u00edzen\u00ed veden\u00e9m katastrem nemovitost\u00ed zastupov\u00e1n\u00ed p\u0159i jedn\u00e1n\u00ed s\u00a0realitn\u00edmi kancel\u00e1\u0159emi kupn\u00ed smlouvy darovac\u00ed smlouvy\u00a0 sm\u011bnn\u00e9 smlouvy advok\u00e1tn\u00ed \u00faschova kupn\u00ed ceny v\u00a0r\u00e1mci p\u0159evodu nemovitostn\u00ed n\u00e1jemn\u00ed a podn\u00e1jemn\u00ed [&hellip;]<\/p>\n","protected":false},"author":1,"featured_media":0,"parent":0,"menu_order":0,"comment_status":"closed","ping_status":"closed","template":"","meta":{"_mi_skip_tracking":false},"_links":{"self":[{"href":"https:\/\/www.advokat-tichy.cz\/index.php\/wp-json\/wp\/v2\/pages\/301"}],"collection":[{"href":"https:\/\/www.advokat-tichy.cz\/index.php\/wp-json\/wp\/v2\/pages"}],"about":[{"href":"https:\/\/www.advokat-tichy.cz\/index.php\/wp-json\/wp\/v2\/types\/page"}],"author":[{"embeddable":true,"href":"https:\/\/www.advokat-tichy.cz\/index.php\/wp-json\/wp\/v2\/users\/1"}],"replies":[{"embeddable":true,"href":"https:\/\/www.advokat-tichy.cz\/index.php\/wp-json\/wp\/v2\/comments?post=301"}],"version-history":[{"count":1,"href":"https:\/\/www.advokat-tichy.cz\/index.php\/wp-json\/wp\/v2\/pages\/301\/revisions"}],"predecessor-version":[{"id":303,"href":"https:\/\/www.advokat-tichy.cz\/index.php\/wp-json\/wp\/v2\/pages\/301\/revisions\/303"}],"wp:attachment":[{"href":"https:\/\/www.advokat-tichy.cz\/index.php\/wp-json\/wp\/v2\/media?parent=301"}],"curies":[{"name":"wp","href":"https:\/\/api.w.org\/{rel}","templated":true}]}}