{"id":305,"date":"2016-01-04T17:31:17","date_gmt":"2016-01-04T17:31:17","guid":{"rendered":"http:\/\/www.advokat-tichy.cz.bodya.glow.cz\/?page_id=305"},"modified":"2016-01-04T17:31:17","modified_gmt":"2016-01-04T17:31:17","slug":"obchodni-pravo","status":"publish","type":"page","link":"https:\/\/www.advokat-tichy.cz\/index.php\/obchodni-pravo\/","title":{"rendered":"Obchodn\u00ed pr\u00e1vo"},"content":{"rendered":"<p><strong><u>Pr\u00e1vo obchodn\u00edch korporac\u00ed<\/u><\/strong><\/p>\n<ul>\n<li>zakl\u00e1d\u00e1n\u00ed a zm\u011bny obchodn\u00edch spole\u010dnost\u00ed a dru\u017estev<\/li>\n<li>zastupov\u00e1n\u00ed obchodn\u00edch spole\u010dnost\u00ed a dru\u017estev<\/li>\n<li>tvorba a \u00faprava zakladatelsk\u00fdch dokument\u016f<\/li>\n<li>p\u0159evody obchodn\u00edch pod\u00edl\u016f<\/li>\n<li>z\u00e1pisy do obchodn\u00edho rejst\u0159\u00edku<\/li>\n<\/ul>\n<p><strong><u>Obchodn\u00ed z\u00e1vazkov\u00e9 pr\u00e1vo<\/u><\/strong><\/p>\n<ul>\n<li>sepisov\u00e1n\u00ed obchodn\u00edch smluv, dohod, r\u00e1mcov\u00fdch a formul\u00e1\u0159ov\u00fdch smluv<\/li>\n<li>p\u0159\u00edprava a tvorba v\u0161eobecn\u00fdch obchodn\u00edch podm\u00ednek<\/li>\n<\/ul>\n<p><strong><u>Obchodn\u00ed spory<\/u><\/strong><\/p>\n<ul>\n<li>pod\u00e1v\u00e1n\u00ed \u017ealob<\/li>\n<li>zastupov\u00e1n\u00ed p\u0159ed soudy a p\u0159ed ostatn\u00edmi org\u00e1ny<\/li>\n<li>\u0159e\u0161en\u00ed obchodn\u00edch spor\u016f mimosoudn\u00ed cestou<\/li>\n<\/ul>\n<p><strong><u>Vym\u00e1h\u00e1n\u00ed a spr\u00e1va pohled\u00e1vek<\/u><\/strong><\/p>\n<ul>\n<li>n\u00e1vrh zp\u016fsobu vym\u00e1h\u00e1n\u00ed pohled\u00e1vek a posouzen\u00ed vymahatelnosti a jejich n\u00e1sledn\u00e9 vym\u00e1h\u00e1n\u00ed soudn\u00ed i mimosoudn\u00ed cestou<\/li>\n<\/ul>\n","protected":false},"excerpt":{"rendered":"<p>Pr\u00e1vo obchodn\u00edch korporac\u00ed zakl\u00e1d\u00e1n\u00ed a zm\u011bny obchodn\u00edch spole\u010dnost\u00ed a dru\u017estev zastupov\u00e1n\u00ed obchodn\u00edch spole\u010dnost\u00ed a dru\u017estev tvorba a \u00faprava zakladatelsk\u00fdch dokument\u016f p\u0159evody obchodn\u00edch pod\u00edl\u016f z\u00e1pisy do obchodn\u00edho rejst\u0159\u00edku Obchodn\u00ed z\u00e1vazkov\u00e9 pr\u00e1vo sepisov\u00e1n\u00ed obchodn\u00edch smluv, dohod, r\u00e1mcov\u00fdch a formul\u00e1\u0159ov\u00fdch smluv p\u0159\u00edprava a tvorba v\u0161eobecn\u00fdch obchodn\u00edch podm\u00ednek Obchodn\u00ed spory pod\u00e1v\u00e1n\u00ed \u017ealob zastupov\u00e1n\u00ed p\u0159ed soudy a p\u0159ed ostatn\u00edmi org\u00e1ny [&hellip;]<\/p>\n","protected":false},"author":1,"featured_media":0,"parent":0,"menu_order":0,"comment_status":"closed","ping_status":"closed","template":"","meta":{"_mi_skip_tracking":false},"_links":{"self":[{"href":"https:\/\/www.advokat-tichy.cz\/index.php\/wp-json\/wp\/v2\/pages\/305"}],"collection":[{"href":"https:\/\/www.advokat-tichy.cz\/index.php\/wp-json\/wp\/v2\/pages"}],"about":[{"href":"https:\/\/www.advokat-tichy.cz\/index.php\/wp-json\/wp\/v2\/types\/page"}],"author":[{"embeddable":true,"href":"https:\/\/www.advokat-tichy.cz\/index.php\/wp-json\/wp\/v2\/users\/1"}],"replies":[{"embeddable":true,"href":"https:\/\/www.advokat-tichy.cz\/index.php\/wp-json\/wp\/v2\/comments?post=305"}],"version-history":[{"count":1,"href":"https:\/\/www.advokat-tichy.cz\/index.php\/wp-json\/wp\/v2\/pages\/305\/revisions"}],"predecessor-version":[{"id":307,"href":"https:\/\/www.advokat-tichy.cz\/index.php\/wp-json\/wp\/v2\/pages\/305\/revisions\/307"}],"wp:attachment":[{"href":"https:\/\/www.advokat-tichy.cz\/index.php\/wp-json\/wp\/v2\/media?parent=305"}],"curies":[{"name":"wp","href":"https:\/\/api.w.org\/{rel}","templated":true}]}}