{"id":329,"date":"2016-01-05T10:32:48","date_gmt":"2016-01-05T10:32:48","guid":{"rendered":"http:\/\/www.advokat-tichy.cz.bodya.glow.cz\/?page_id=329"},"modified":"2016-01-05T10:38:19","modified_gmt":"2016-01-05T10:38:19","slug":"pravni-odvetvi","status":"publish","type":"page","link":"https:\/\/www.advokat-tichy.cz\/index.php\/pravni-odvetvi\/","title":{"rendered":"Pr\u00e1vn\u00ed odv\u011btv\u00ed"},"content":{"rendered":"<p><a href=\"http:\/\/www.advokat-tichy.cz\/wp-content\/uploads\/2016\/01\/hp.jpg\"><img decoding=\"async\" loading=\"lazy\" class=\"alignnone wp-image-317 size-full\" src=\"http:\/\/www.advokat-tichy.cz\/wp-content\/uploads\/2016\/01\/hp-e1451990296862.jpg\" alt=\"hp\" width=\"635\" height=\"309\" srcset=\"https:\/\/www.advokat-tichy.cz\/wp-content\/uploads\/2016\/01\/hp-e1451990296862.jpg 635w, https:\/\/www.advokat-tichy.cz\/wp-content\/uploads\/2016\/01\/hp-e1451990296862-300x146.jpg 300w\" sizes=\"(max-width: 635px) 100vw, 635px\" \/><\/a><\/p>\n","protected":false},"excerpt":{"rendered":"","protected":false},"author":1,"featured_media":0,"parent":0,"menu_order":0,"comment_status":"closed","ping_status":"closed","template":"","meta":{"_mi_skip_tracking":false},"_links":{"self":[{"href":"https:\/\/www.advokat-tichy.cz\/index.php\/wp-json\/wp\/v2\/pages\/329"}],"collection":[{"href":"https:\/\/www.advokat-tichy.cz\/index.php\/wp-json\/wp\/v2\/pages"}],"about":[{"href":"https:\/\/www.advokat-tichy.cz\/index.php\/wp-json\/wp\/v2\/types\/page"}],"author":[{"embeddable":true,"href":"https:\/\/www.advokat-tichy.cz\/index.php\/wp-json\/wp\/v2\/users\/1"}],"replies":[{"embeddable":true,"href":"https:\/\/www.advokat-tichy.cz\/index.php\/wp-json\/wp\/v2\/comments?post=329"}],"version-history":[{"count":4,"href":"https:\/\/www.advokat-tichy.cz\/index.php\/wp-json\/wp\/v2\/pages\/329\/revisions"}],"predecessor-version":[{"id":335,"href":"https:\/\/www.advokat-tichy.cz\/index.php\/wp-json\/wp\/v2\/pages\/329\/revisions\/335"}],"wp:attachment":[{"href":"https:\/\/www.advokat-tichy.cz\/index.php\/wp-json\/wp\/v2\/media?parent=329"}],"curies":[{"name":"wp","href":"https:\/\/api.w.org\/{rel}","templated":true}]}}